{"id":1513,"date":"2022-11-18T14:32:35","date_gmt":"2022-11-18T11:32:35","guid":{"rendered":"https:\/\/logibal.com\/hizmetler\/shipping-agency\/"},"modified":"2023-01-19T23:13:44","modified_gmt":"2023-01-19T20:13:44","slug":"shipping-agency","status":"publish","type":"page","link":"https:\/\/logibal.com\/tr\/hizmetler\/shipping-agency\/","title":{"rendered":"Shipping Agency"},"content":{"rendered":"\t\t<div data-elementor-type=\"wp-page\" data-elementor-id=\"1513\" class=\"elementor elementor-1513 elementor-1025\">\n\t\t\t\t\t\t\t\t\t<section class=\"elementor-section elementor-top-section elementor-element elementor-element-17b20d33 elementor-section-full_width elementor-section-height-default elementor-section-height-default wpr-particle-no wpr-jarallax-no wpr-parallax-no wpr-sticky-section-no\" data-id=\"17b20d33\" data-element_type=\"section\">\n\t\t\t\t\t\t<div class=\"elementor-container elementor-column-gap-default\">\n\t\t\t\t\t<div class=\"elementor-column elementor-col-100 elementor-top-column elementor-element elementor-element-2eb60536\" data-id=\"2eb60536\" data-element_type=\"column\" data-settings=\"{&quot;background_background&quot;:&quot;classic&quot;}\">\n\t\t\t<div class=\"elementor-widget-wrap elementor-element-populated\">\n\t\t\t\t\t<div class=\"elementor-background-overlay\"><\/div>\n\t\t\t\t\t\t\t\t<section class=\"elementor-section elementor-inner-section elementor-element elementor-element-3f4bb606 elementor-section-boxed elementor-section-height-default elementor-section-height-default wpr-particle-no wpr-jarallax-no wpr-parallax-no wpr-sticky-section-no\" data-id=\"3f4bb606\" data-element_type=\"section\">\n\t\t\t\t\t\t<div class=\"elementor-container elementor-column-gap-default\">\n\t\t\t\t\t<div class=\"elementor-column elementor-col-50 elementor-inner-column elementor-element elementor-element-7069ae9e\" data-id=\"7069ae9e\" data-element_type=\"column\">\n\t\t\t<div class=\"elementor-widget-wrap\">\n\t\t\t\t\t\t\t\t\t<\/div>\n\t\t<\/div>\n\t\t\t\t<div class=\"elementor-column elementor-col-50 elementor-inner-column elementor-element elementor-element-7ac6eb83\" data-id=\"7ac6eb83\" data-element_type=\"column\">\n\t\t\t<div class=\"elementor-widget-wrap elementor-element-populated\">\n\t\t\t\t\t\t\t\t<div class=\"elementor-element elementor-element-63fce12b wpr-fancy-text-slide wpr-advanced-text-style-animated wpr-animated-text-infinite-yes elementor-widget elementor-widget-wpr-advanced-text\" data-id=\"63fce12b\" data-element_type=\"widget\" data-settings=\"{&quot;anim_loop&quot;:&quot;yes&quot;}\" data-widget_type=\"wpr-advanced-text.default\">\n\t\t\t\t<div class=\"elementor-widget-container\">\n\t\t\t\r\n\t\t<h3 class=\"wpr-advanced-text\">\r\n\r\n\t\t\t\t\t\r\n\t\t\t\t\t\t\t<span class=\"wpr-advanced-text-preffix\">Shipping Agency<\/span>\r\n\t\t\t\r\n\t\t<span class=\"wpr-anim-text wpr-anim-text-type-slide\" data-anim-duration=\"1000,3300\" data-anim-loop=\"yes\">\r\n\t\t\t<span class=\"wpr-anim-text-inner\">\r\n\t\t\t\t\t\t\t\t\t<b>7\/24 Support<\/b>\r\n\t\t\t\t\t\t\t<\/span>\r\n\t\t\t\t\t<\/span>\r\n\r\n\t\t\t\t\r\n\t\t<\/h3>\r\n\t\t\r\n\t\t\t\t<\/div>\n\t\t\t\t<\/div>\n\t\t\t\t<div class=\"elementor-element elementor-element-34e9332b elementor-widget elementor-widget-text-editor\" data-id=\"34e9332b\" data-element_type=\"widget\" data-widget_type=\"text-editor.default\">\n\t\t\t\t<div class=\"elementor-widget-container\">\n\t\t\t<style>\/*! elementor - v3.10.1 - 17-01-2023 *\/\n.elementor-widget-text-editor.elementor-drop-cap-view-stacked .elementor-drop-cap{background-color:#818a91;color:#fff}.elementor-widget-text-editor.elementor-drop-cap-view-framed .elementor-drop-cap{color:#818a91;border:3px solid;background-color:transparent}.elementor-widget-text-editor:not(.elementor-drop-cap-view-default) .elementor-drop-cap{margin-top:8px}.elementor-widget-text-editor:not(.elementor-drop-cap-view-default) .elementor-drop-cap-letter{width:1em;height:1em}.elementor-widget-text-editor .elementor-drop-cap{float:left;text-align:center;line-height:1;font-size:50px}.elementor-widget-text-editor .elementor-drop-cap-letter{display:inline-block}<\/style>\t\t\t\t<p>Hava kargo teslimat\u0131 i\u00e7in 45 kg&#8217;dan 10 tona kadar en iyi \u00e7\u00f6z\u00fcm. Mallar\u0131n\u0131z i\u00e7in en iyi fiyatlar\u0131 ve teslimat s\u00fcrelerini sunuyoruz. D\u00fczenli u\u00e7u\u015flar ve kombine nakliye hizmetleri ile h\u0131zl\u0131 bir kargo teslimat\u0131 \u00e7\u00f6z\u00fcm\u00fc garanti ediyoruz. Sadece sizin i\u00e7in uygun olan u\u00e7u\u015fu se\u00e7in ve mallar\u0131n teslimat\u0131 konusunda endi\u015felenmeyin.<\/p>\n\t\t\t\t\t\t<\/div>\n\t\t\t\t<\/div>\n\t\t\t\t<div class=\"elementor-element elementor-element-270e8e50 wpr-button-icon-b-position-left wpr-button-icon-a-position-left elementor-widget elementor-widget-wpr-dual-button\" data-id=\"270e8e50\" data-element_type=\"widget\" data-widget_type=\"wpr-dual-button.default\">\n\t\t\t\t<div class=\"elementor-widget-container\">\n\t\t\t\t\r\n\t<div class=\"wpr-dual-button\">\r\n\t\t\t\t\r\n\t\t\r\n\t\t<div class=\"wpr-button-a-wrap elementor-clearfix\">\r\n\t\t<a class=\"wpr-button-a wpr-button-effect wpr-button-none\" data-text=\"Go 1\" href=\"https:\/\/support.logibal.com\">\r\n\t\t\t\r\n\t\t\t<span class=\"wpr-button-content-a\">\r\n\t\t\t\t\t\t\t\t\t<span class=\"wpr-button-text-a\">Request Price<\/span>\r\n\t\t\t\t\t\t\t\t\r\n\t\t\t\t\t\t\t\t\t<span class=\"wpr-button-icon-a\"><i class=\"far fa-arrow-alt-circle-right\"><\/i><\/span>\r\n\t\t\t\t\t\t\t<\/span>\r\n\t\t<\/a>\r\n\r\n\t\t\r\n\t\t\r\n\t\t<\/div>\r\n\r\n\t\t\r\n\t\t\t\t\t\r\n\t\t\r\n\t\t<div class=\"wpr-button-b-wrap elementor-clearfix\">\r\n\t\t<a class=\"wpr-button-b wpr-button-effect wpr-button-none\" data-text=\"Go\" href=\"https:\/\/logibal.com\/contact\/\">\r\n\t\t\t\r\n\t\t\t<span class=\"wpr-button-content-b\">\r\n\t\t\t\t\t\t\t\t\t<span class=\"wpr-button-text-b\">Contact<\/span>\r\n\t\t\t\t\t\t\t\t\r\n\t\t\t\t\t\t\t\t\t<span class=\"wpr-button-icon-b\"><i class=\"far fa-address-card\"><\/i><\/span>\r\n\t\t\t\t\t\t\t<\/span>\r\n\t\t<\/a>\r\n\r\n\t\t\t\t<\/div>\r\n\t\r\n\t\t\t<\/div>\r\n\t\t\t<\/div>\n\t\t\t\t<\/div>\n\t\t\t\t\t<\/div>\n\t\t<\/div>\n\t\t\t\t\t\t\t<\/div>\n\t\t<\/section>\n\t\t\t\t\t<\/div>\n\t\t<\/div>\n\t\t\t\t\t\t\t<\/div>\n\t\t<\/section>\n\t\t\t\t\t\t\t<\/div>\n\t\t","protected":false},"excerpt":{"rendered":"<p>Shipping Agency 7\/24 Support Hava kargo teslimat\u0131 i\u00e7in 45 kg&#8217;dan 10 tona kadar en iyi \u00e7\u00f6z\u00fcm. Mallar\u0131n\u0131z i\u00e7in en iyi fiyatlar\u0131 ve teslimat s\u00fcrelerini sunuyoruz. D\u00fczenli u\u00e7u\u015flar ve kombine nakliye hizmetleri ile h\u0131zl\u0131 bir kargo teslimat\u0131 \u00e7\u00f6z\u00fcm\u00fc garanti ediyoruz. Sadece sizin i\u00e7in uygun olan u\u00e7u\u015fu se\u00e7in ve mallar\u0131n teslimat\u0131 konusunda endi\u015felenmeyin. Request Price Contact<\/p>\n","protected":false},"author":1,"featured_media":0,"parent":1435,"menu_order":0,"comment_status":"closed","ping_status":"closed","template":"elementor_canvas","meta":{"footnotes":""},"class_list":["post-1513","page","type-page","status-publish","hentry"],"_links":{"self":[{"href":"https:\/\/logibal.com\/tr\/wp-json\/wp\/v2\/pages\/1513","targetHints":{"allow":["GET"]}}],"collection":[{"href":"https:\/\/logibal.com\/tr\/wp-json\/wp\/v2\/pages"}],"about":[{"href":"https:\/\/logibal.com\/tr\/wp-json\/wp\/v2\/types\/page"}],"author":[{"embeddable":true,"href":"https:\/\/logibal.com\/tr\/wp-json\/wp\/v2\/users\/1"}],"replies":[{"embeddable":true,"href":"https:\/\/logibal.com\/tr\/wp-json\/wp\/v2\/comments?post=1513"}],"version-history":[{"count":1,"href":"https:\/\/logibal.com\/tr\/wp-json\/wp\/v2\/pages\/1513\/revisions"}],"predecessor-version":[{"id":1514,"href":"https:\/\/logibal.com\/tr\/wp-json\/wp\/v2\/pages\/1513\/revisions\/1514"}],"up":[{"embeddable":true,"href":"https:\/\/logibal.com\/tr\/wp-json\/wp\/v2\/pages\/1435"}],"wp:attachment":[{"href":"https:\/\/logibal.com\/tr\/wp-json\/wp\/v2\/media?parent=1513"}],"curies":[{"name":"wp","href":"https:\/\/api.w.org\/{rel}","templated":true}]}}