{"id":1509,"date":"2022-11-18T14:33:06","date_gmt":"2022-11-18T11:33:06","guid":{"rendered":"https:\/\/logibal.com\/hizmetler\/reefer-transportation\/"},"modified":"2023-01-19T23:13:34","modified_gmt":"2023-01-19T20:13:34","slug":"reefer-transportation","status":"publish","type":"page","link":"https:\/\/logibal.com\/tr\/hizmetler\/reefer-transportation\/","title":{"rendered":"Reefer Transportation"},"content":{"rendered":"\t\t<div data-elementor-type=\"wp-page\" data-elementor-id=\"1509\" class=\"elementor elementor-1509 elementor-1027\">\n\t\t\t\t\t\t\t\t\t<section class=\"elementor-section elementor-top-section elementor-element elementor-element-5f43e456 elementor-section-full_width elementor-section-height-default elementor-section-height-default wpr-particle-no wpr-jarallax-no wpr-parallax-no wpr-sticky-section-no\" data-id=\"5f43e456\" data-element_type=\"section\">\n\t\t\t\t\t\t<div class=\"elementor-container elementor-column-gap-default\">\n\t\t\t\t\t<div class=\"elementor-column elementor-col-100 elementor-top-column elementor-element elementor-element-7c5844ad\" data-id=\"7c5844ad\" data-element_type=\"column\" data-settings=\"{&quot;background_background&quot;:&quot;classic&quot;}\">\n\t\t\t<div class=\"elementor-widget-wrap elementor-element-populated\">\n\t\t\t\t\t<div class=\"elementor-background-overlay\"><\/div>\n\t\t\t\t\t\t\t\t<section class=\"elementor-section elementor-inner-section elementor-element elementor-element-139e5e5 elementor-section-boxed elementor-section-height-default elementor-section-height-default wpr-particle-no wpr-jarallax-no wpr-parallax-no wpr-sticky-section-no\" data-id=\"139e5e5\" data-element_type=\"section\">\n\t\t\t\t\t\t<div class=\"elementor-container elementor-column-gap-default\">\n\t\t\t\t\t<div class=\"elementor-column elementor-col-50 elementor-inner-column elementor-element elementor-element-6a74f05f\" data-id=\"6a74f05f\" data-element_type=\"column\">\n\t\t\t<div class=\"elementor-widget-wrap\">\n\t\t\t\t\t\t\t\t\t<\/div>\n\t\t<\/div>\n\t\t\t\t<div class=\"elementor-column elementor-col-50 elementor-inner-column elementor-element elementor-element-765eea8c\" data-id=\"765eea8c\" data-element_type=\"column\">\n\t\t\t<div class=\"elementor-widget-wrap elementor-element-populated\">\n\t\t\t\t\t\t\t\t<div class=\"elementor-element elementor-element-10f6fda9 wpr-fancy-text-slide wpr-advanced-text-style-animated wpr-animated-text-infinite-yes elementor-widget elementor-widget-wpr-advanced-text\" data-id=\"10f6fda9\" data-element_type=\"widget\" data-settings=\"{&quot;anim_loop&quot;:&quot;yes&quot;}\" data-widget_type=\"wpr-advanced-text.default\">\n\t\t\t\t<div class=\"elementor-widget-container\">\n\t\t\t\r\n\t\t<h3 class=\"wpr-advanced-text\">\r\n\r\n\t\t\t\t\t\r\n\t\t\t\t\t\t\t<span class=\"wpr-advanced-text-preffix\">Reefer Transportation<\/span>\r\n\t\t\t\r\n\t\t<span class=\"wpr-anim-text wpr-anim-text-type-slide\" data-anim-duration=\"1000,3300\" data-anim-loop=\"yes\">\r\n\t\t\t<span class=\"wpr-anim-text-inner\">\r\n\t\t\t\t\t\t\t\t\t<b>7\/24 Support<\/b>\r\n\t\t\t\t\t\t\t\t\t<b>best air freight rates<\/b>\r\n\t\t\t\t\t\t\t<\/span>\r\n\t\t\t\t\t<\/span>\r\n\r\n\t\t\t\t\r\n\t\t<\/h3>\r\n\t\t\r\n\t\t\t\t<\/div>\n\t\t\t\t<\/div>\n\t\t\t\t<div class=\"elementor-element elementor-element-3e767491 elementor-widget elementor-widget-text-editor\" data-id=\"3e767491\" data-element_type=\"widget\" data-widget_type=\"text-editor.default\">\n\t\t\t\t<div class=\"elementor-widget-container\">\n\t\t\t<style>\/*! elementor - v3.10.1 - 17-01-2023 *\/\n.elementor-widget-text-editor.elementor-drop-cap-view-stacked .elementor-drop-cap{background-color:#818a91;color:#fff}.elementor-widget-text-editor.elementor-drop-cap-view-framed .elementor-drop-cap{color:#818a91;border:3px solid;background-color:transparent}.elementor-widget-text-editor:not(.elementor-drop-cap-view-default) .elementor-drop-cap{margin-top:8px}.elementor-widget-text-editor:not(.elementor-drop-cap-view-default) .elementor-drop-cap-letter{width:1em;height:1em}.elementor-widget-text-editor .elementor-drop-cap{float:left;text-align:center;line-height:1;font-size:50px}.elementor-widget-text-editor .elementor-drop-cap-letter{display:inline-block}<\/style>\t\t\t\t<p>Hava kargo teslimat\u0131 i\u00e7in 45 kg&#8217;dan 10 tona kadar en iyi \u00e7\u00f6z\u00fcm. Mallar\u0131n\u0131z i\u00e7in en iyi fiyatlar\u0131 ve teslimat s\u00fcrelerini sunuyoruz. D\u00fczenli u\u00e7u\u015flar ve kombine nakliye hizmetleri ile h\u0131zl\u0131 bir kargo teslimat\u0131 \u00e7\u00f6z\u00fcm\u00fc garanti ediyoruz. Sadece sizin i\u00e7in uygun olan u\u00e7u\u015fu se\u00e7in ve mallar\u0131n teslimat\u0131 konusunda endi\u015felenmeyin.<\/p>\n\t\t\t\t\t\t<\/div>\n\t\t\t\t<\/div>\n\t\t\t\t<div class=\"elementor-element elementor-element-d290cc7 wpr-button-icon-b-position-left wpr-button-icon-a-position-left elementor-widget elementor-widget-wpr-dual-button\" data-id=\"d290cc7\" data-element_type=\"widget\" data-widget_type=\"wpr-dual-button.default\">\n\t\t\t\t<div class=\"elementor-widget-container\">\n\t\t\t\t\r\n\t<div class=\"wpr-dual-button\">\r\n\t\t\t\t\r\n\t\t\r\n\t\t<div class=\"wpr-button-a-wrap elementor-clearfix\">\r\n\t\t<a class=\"wpr-button-a wpr-button-effect wpr-button-none\" data-text=\"Go 1\" href=\"https:\/\/support.logibal.com\">\r\n\t\t\t\r\n\t\t\t<span class=\"wpr-button-content-a\">\r\n\t\t\t\t\t\t\t\t\t<span class=\"wpr-button-text-a\">Request Price<\/span>\r\n\t\t\t\t\t\t\t\t\r\n\t\t\t\t\t\t\t\t\t<span class=\"wpr-button-icon-a\"><i class=\"far fa-arrow-alt-circle-right\"><\/i><\/span>\r\n\t\t\t\t\t\t\t<\/span>\r\n\t\t<\/a>\r\n\r\n\t\t\r\n\t\t\r\n\t\t<\/div>\r\n\r\n\t\t\r\n\t\t\t\t\t\r\n\t\t\r\n\t\t<div class=\"wpr-button-b-wrap elementor-clearfix\">\r\n\t\t<a class=\"wpr-button-b wpr-button-effect wpr-button-none\" data-text=\"Go\" href=\"https:\/\/logibal.com\/contact\/\">\r\n\t\t\t\r\n\t\t\t<span class=\"wpr-button-content-b\">\r\n\t\t\t\t\t\t\t\t\t<span class=\"wpr-button-text-b\">Contact<\/span>\r\n\t\t\t\t\t\t\t\t\r\n\t\t\t\t\t\t\t\t\t<span class=\"wpr-button-icon-b\"><i class=\"far fa-address-card\"><\/i><\/span>\r\n\t\t\t\t\t\t\t<\/span>\r\n\t\t<\/a>\r\n\r\n\t\t\t\t<\/div>\r\n\t\r\n\t\t\t<\/div>\r\n\t\t\t<\/div>\n\t\t\t\t<\/div>\n\t\t\t\t\t<\/div>\n\t\t<\/div>\n\t\t\t\t\t\t\t<\/div>\n\t\t<\/section>\n\t\t\t\t\t<\/div>\n\t\t<\/div>\n\t\t\t\t\t\t\t<\/div>\n\t\t<\/section>\n\t\t\t\t\t\t\t<\/div>\n\t\t","protected":false},"excerpt":{"rendered":"<p>Reefer Transportation 7\/24 Support best air freight rates Hava kargo teslimat\u0131 i\u00e7in 45 kg&#8217;dan 10 tona kadar en iyi \u00e7\u00f6z\u00fcm. Mallar\u0131n\u0131z i\u00e7in en iyi fiyatlar\u0131 ve teslimat s\u00fcrelerini sunuyoruz. D\u00fczenli u\u00e7u\u015flar ve kombine nakliye hizmetleri ile h\u0131zl\u0131 bir kargo teslimat\u0131 \u00e7\u00f6z\u00fcm\u00fc garanti ediyoruz. Sadece sizin i\u00e7in uygun olan u\u00e7u\u015fu se\u00e7in ve mallar\u0131n teslimat\u0131 konusunda endi\u015felenmeyin. [&hellip;]<\/p>\n","protected":false},"author":1,"featured_media":0,"parent":1435,"menu_order":0,"comment_status":"closed","ping_status":"closed","template":"elementor_canvas","meta":{"footnotes":""},"class_list":["post-1509","page","type-page","status-publish","hentry"],"_links":{"self":[{"href":"https:\/\/logibal.com\/tr\/wp-json\/wp\/v2\/pages\/1509","targetHints":{"allow":["GET"]}}],"collection":[{"href":"https:\/\/logibal.com\/tr\/wp-json\/wp\/v2\/pages"}],"about":[{"href":"https:\/\/logibal.com\/tr\/wp-json\/wp\/v2\/types\/page"}],"author":[{"embeddable":true,"href":"https:\/\/logibal.com\/tr\/wp-json\/wp\/v2\/users\/1"}],"replies":[{"embeddable":true,"href":"https:\/\/logibal.com\/tr\/wp-json\/wp\/v2\/comments?post=1509"}],"version-history":[{"count":3,"href":"https:\/\/logibal.com\/tr\/wp-json\/wp\/v2\/pages\/1509\/revisions"}],"predecessor-version":[{"id":1512,"href":"https:\/\/logibal.com\/tr\/wp-json\/wp\/v2\/pages\/1509\/revisions\/1512"}],"up":[{"embeddable":true,"href":"https:\/\/logibal.com\/tr\/wp-json\/wp\/v2\/pages\/1435"}],"wp:attachment":[{"href":"https:\/\/logibal.com\/tr\/wp-json\/wp\/v2\/media?parent=1509"}],"curies":[{"name":"wp","href":"https:\/\/api.w.org\/{rel}","templated":true}]}}